{"id":347,"date":"2016-08-23T06:44:55","date_gmt":"2016-08-23T10:44:55","guid":{"rendered":"http:\/\/demo.uix.store\/sober\/?page_id=347"},"modified":"2025-07-15T21:53:33","modified_gmt":"2025-07-16T01:53:33","slug":"faqs","status":"publish","type":"page","link":"https:\/\/artefact.store\/fr\/faqs\/","title":{"rendered":"FAQs"},"content":{"rendered":"<div data-elementor-type=\"wp-page\" data-elementor-id=\"347\" class=\"elementor elementor-347\">\n\t\t\t\t\t\t<section class=\"elementor-section elementor-top-section elementor-element elementor-element-6969002 elementor-section-height-min-height elementor-section-boxed elementor-section-height-default elementor-section-items-middle\" data-id=\"6969002\" data-element_type=\"section\" data-e-type=\"section\">\n\t\t\t\t\t\t<div class=\"elementor-container elementor-column-gap-default\">\n\t\t\t\t\t<div class=\"elementor-column elementor-col-100 elementor-top-column elementor-element elementor-element-0a751cd\" data-id=\"0a751cd\" data-element_type=\"column\" data-e-type=\"column\">\n\t\t\t<div class=\"elementor-widget-wrap\">\n\t\t\t\t\t\t\t<\/div>\n\t\t<\/div>\n\t\t\t\t\t<\/div>\n\t\t<\/section>\n\t\t\t\t<section class=\"elementor-section elementor-top-section elementor-element elementor-element-6c43 elementor-section-boxed elementor-section-height-default elementor-section-height-default\" data-id=\"6c43\" data-element_type=\"section\" data-e-type=\"section\">\n\t\t\t\t\t\t<div class=\"elementor-container elementor-column-gap-default\">\n\t\t\t\t\t<div class=\"elementor-column elementor-col-100 elementor-top-column elementor-element elementor-element-32c0\" data-id=\"32c0\" data-element_type=\"column\" data-e-type=\"column\">\n\t\t\t<div class=\"elementor-widget-wrap elementor-element-populated\">\n\t\t\t\t\t\t<div class=\"elementor-element elementor-element-c11dcb4 elementor-widget elementor-widget-heading\" data-id=\"c11dcb4\" data-element_type=\"widget\" data-e-type=\"widget\" data-widget_type=\"heading.default\">\n\t\t\t\t<div class=\"elementor-widget-container\">\n\t\t\t\t\t<h3 class=\"elementor-heading-title elementor-size-default\">Foire Aux Questions<\/h3>\t\t\t\t<\/div>\n\t\t\t\t<\/div>\n\t\t\t\t<div class=\"elementor-element elementor-element-19d87a6 elementor-widget elementor-widget-text-editor\" data-id=\"19d87a6\" data-element_type=\"widget\" data-e-type=\"widget\" data-widget_type=\"text-editor.default\">\n\t\t\t\t<div class=\"elementor-widget-container\">\n\t\t\t\t\t\t\t\t\t<p>Dans cette rubrique, vous trouverez les questions courantes sur nos produits et proc\u00e9d\u00e9s de fabrication.<\/p><p>Que ce soit pour obtenir les r\u00e9ponses \u00e0 vos questions ou simplement par curiosit\u00e9 ou int\u00e9r\u00eat, vous trouverez plus bas la foire aux questions qui a trait aux lunettes Artefact. Nous nous ferons un plaisir de r\u00e9pondre \u00e0 vos questions si elles n\u2019apparaissent pas ici. L\u2019information pour nous contacter se trouve sur la page \u2018Contactez-nous\u2018.<\/p>\t\t\t\t\t\t\t\t<\/div>\n\t\t\t\t<\/div>\n\t\t\t\t\t<\/div>\n\t\t<\/div>\n\t\t\t\t\t<\/div>\n\t\t<\/section>\n\t\t\t\t<section class=\"elementor-section elementor-top-section elementor-element elementor-element-07eecb6 elementor-section-boxed elementor-section-height-default elementor-section-height-default\" data-id=\"07eecb6\" data-element_type=\"section\" data-e-type=\"section\">\n\t\t\t\t\t\t<div class=\"elementor-container elementor-column-gap-default\">\n\t\t\t\t\t<div class=\"elementor-column elementor-col-100 elementor-top-column elementor-element elementor-element-f4ba3bd\" data-id=\"f4ba3bd\" data-element_type=\"column\" data-e-type=\"column\">\n\t\t\t<div class=\"elementor-widget-wrap elementor-element-populated\">\n\t\t\t\t\t\t<div class=\"elementor-element elementor-element-e53c582 elementor-widget elementor-widget-sober-faq\" data-id=\"e53c582\" data-element_type=\"widget\" data-e-type=\"widget\" data-widget_type=\"sober-faq.default\">\n\t\t\t\t<div class=\"elementor-widget-container\">\n\t\t\t\t\t\t\t<div class=\"sober-faq sober-faq--elementor\">\n\t\t\t<div class=\"sober-faq__question question\">\n\t\t\t\t<span class=\"sober-faq__question-label question-label\">Question<\/span>\n\t\t\t\t<span class=\"sober-faq__question-icon question-icon\"><span class=\"toggle-icon\"><\/span><\/span>\n\t\t\t\t<span class=\"question-title sober-faq__question-title\">Qu'est-ce que 'Fait au Canada' veut r\u00e9ellement dire?<\/span>\n\t\t\t<\/div>\n\t\t\t<div class=\"sober-faq__answer answer\">\n\t\t\t\t<span class=\"sober-faq__answer-label answer-label\">Answer<\/span>\n\t\t\t\t<div class=\"sober-faq__answer-content\"><p>Nous sommes fiers d\u2019offrir des montures que nous fabriquons en quasi-totalit\u00e9 dans notre atelier. C\u2019est-\u00e0-dire que mise \u00e0 part les charni\u00e8res qui proviennent de l\u2019Europe ou de l\u2019Asie, tout le reste est fabriqu\u00e9, \u00e0 partir de la mati\u00e8re premi\u00e8re, directement et seulement chez nous en utilisant des m\u00e9thodes d\u00e9velopp\u00e9es ici.<\/p><\/div>\n\t\t\t<\/div>\n\t\t<\/div>\n\t\t\t\t\t\t<\/div>\n\t\t\t\t<\/div>\n\t\t\t\t<div class=\"elementor-element elementor-element-5e1a7d7 elementor-widget elementor-widget-sober-faq\" data-id=\"5e1a7d7\" data-element_type=\"widget\" data-e-type=\"widget\" data-widget_type=\"sober-faq.default\">\n\t\t\t\t<div class=\"elementor-widget-container\">\n\t\t\t\t\t\t\t<div class=\"sober-faq sober-faq--elementor\">\n\t\t\t<div class=\"sober-faq__question question\">\n\t\t\t\t<span class=\"sober-faq__question-label question-label\">Question<\/span>\n\t\t\t\t<span class=\"sober-faq__question-icon question-icon\"><span class=\"toggle-icon\"><\/span><\/span>\n\t\t\t\t<span class=\"question-title sober-faq__question-title\">Que voulez vous dire par: Fait \u00e0 la main?<\/span>\n\t\t\t<\/div>\n\t\t\t<div class=\"sober-faq__answer answer\">\n\t\t\t\t<span class=\"sober-faq__answer-label answer-label\">Answer<\/span>\n\t\t\t\t<div class=\"sober-faq__answer-content\"><p>Nous sommes conscients que dans les diff\u00e9rentes sph\u00e8res de l\u2019artisanat, que ce soit pour la fabrication de lunettes, du travail du bois ou du cuir, de la couture, la sculpture et j\u2019en passe, l\u2019expression \u201cfait \u00e0 la main\u201d peut rapidemnt devenir un sujet de conflits. Chez Artefact plusieurs \u00e9tapes de notre processus de fabrication est r\u00e9alis\u00e9 \u00e0 l'aide de machines, et certaines sont m\u00eame automatis\u00e9es et contr\u00f4l\u00e9es par ordinateur. La mention \"Fait \u00e0 la main\" est \u00e9crite pour plusieurs raison et les principales sont: chaque mod\u00e8le de monture na\u00eet d'abord sur une table \u00e0 dessin; les machines aident \u00e9norm\u00e9ment en d\u00e9coupant les formes de bases mais toutes les \u00e9tapes de finissions ne sont confi\u00e9es qu'\u00e0 une personne r\u00e9\u00e8lle, que ce soit pour le sablage ou l'application du fini; et bien s\u00fbr l'assemblage finale est aussi fait \u00e0 la main.<\/p><\/div>\n\t\t\t<\/div>\n\t\t<\/div>\n\t\t\t\t\t\t<\/div>\n\t\t\t\t<\/div>\n\t\t\t\t<div class=\"elementor-element elementor-element-92fd6cd elementor-widget elementor-widget-sober-faq\" data-id=\"92fd6cd\" data-element_type=\"widget\" data-e-type=\"widget\" data-widget_type=\"sober-faq.default\">\n\t\t\t\t<div class=\"elementor-widget-container\">\n\t\t\t\t\t\t\t<div class=\"sober-faq sober-faq--elementor\">\n\t\t\t<div class=\"sober-faq__question question\">\n\t\t\t\t<span class=\"sober-faq__question-label question-label\">Question<\/span>\n\t\t\t\t<span class=\"sober-faq__question-icon question-icon\"><span class=\"toggle-icon\"><\/span><\/span>\n\t\t\t\t<span class=\"question-title sober-faq__question-title\">Quelles essences de bois sont utilis\u00e9es pour la fabrication des montures.<\/span>\n\t\t\t<\/div>\n\t\t\t<div class=\"sober-faq__answer answer\">\n\t\t\t\t<span class=\"sober-faq__answer-label answer-label\">Answer<\/span>\n\t\t\t\t<div class=\"sober-faq__answer-content\"><p>Ici au Qu\u00e9bec, nous sommes choy\u00e9 et aussi tr\u00e8s heureux d\u2019avoir acc\u00e8s \u00e0 un vaste choix d\u2019essences de bois magnifiques provenant du Canada et des \u00c9tats-Unis. La majorit\u00e9 de nos montures sont fabriqu\u00e9s \u00e0 partir d\u2019essences de bois francs d\u2019ici comme le noyer noir, le cerisier et l\u2019\u00e9rable. Pour diversifier ou pour cr\u00e9er des mod\u00e8les plus extravagant, il est aussi possible d\u2019utiliser des bois exotique comme l\u2019\u00e9b\u00e8ne, le bois de tigre, des bois de loupe ou autre bois figur\u00e9s.<\/p><\/div>\n\t\t\t<\/div>\n\t\t<\/div>\n\t\t\t\t\t\t<\/div>\n\t\t\t\t<\/div>\n\t\t\t\t<div class=\"elementor-element elementor-element-6c35bbf elementor-widget elementor-widget-sober-faq\" data-id=\"6c35bbf\" data-element_type=\"widget\" data-e-type=\"widget\" data-widget_type=\"sober-faq.default\">\n\t\t\t\t<div class=\"elementor-widget-container\">\n\t\t\t\t\t\t\t<div class=\"sober-faq sober-faq--elementor\">\n\t\t\t<div class=\"sober-faq__question question\">\n\t\t\t\t<span class=\"sober-faq__question-label question-label\">Question<\/span>\n\t\t\t\t<span class=\"sober-faq__question-icon question-icon\"><span class=\"toggle-icon\"><\/span><\/span>\n\t\t\t\t<span class=\"question-title sober-faq__question-title\">Puis-je m'asseoir sur mes lunettes?<\/span>\n\t\t\t<\/div>\n\t\t\t<div class=\"sober-faq__answer answer\">\n\t\t\t\t<span class=\"sober-faq__answer-label answer-label\">Answer<\/span>\n\t\t\t\t<div class=\"sober-faq__answer-content\"><p>Du moment o\u00f9 elles sont pay\u00e9es, les montures vous appartiennent et vous pouvez en faire ce que vous voulez. Nous ne recommandons cependant pas de vous asseoir sur vos lunettes, ou sur n\u2019importe quelle autres lunettes d\u2019ailleurs, car elles seraient fort probablement bris\u00e9es avant la fin de votre p\u00e9riode de repos. XD<\/p><p>Si toutefois vous vous retrouvez avec une monture bris\u00e9e, que ce soit pour cette raison ou une autre (les ballons au visage peuvent causer des r\u00e9actions similaires), il nous serait surement possible de la r\u00e9parer. N'h\u00e9sitez pas \u00e0 nous contacter si vous souhaitez faire r\u00e9parer une monture.<\/p><\/div>\n\t\t\t<\/div>\n\t\t<\/div>\n\t\t\t\t\t\t<\/div>\n\t\t\t\t<\/div>\n\t\t\t\t<div class=\"elementor-element elementor-element-ea3ec3b elementor-widget elementor-widget-sober-faq\" data-id=\"ea3ec3b\" data-element_type=\"widget\" data-e-type=\"widget\" data-widget_type=\"sober-faq.default\">\n\t\t\t\t<div class=\"elementor-widget-container\">\n\t\t\t\t\t\t\t<div class=\"sober-faq sober-faq--elementor\">\n\t\t\t<div class=\"sober-faq__question question\">\n\t\t\t\t<span class=\"sober-faq__question-label question-label\">Question<\/span>\n\t\t\t\t<span class=\"sober-faq__question-icon question-icon\"><span class=\"toggle-icon\"><\/span><\/span>\n\t\t\t\t<span class=\"question-title sober-faq__question-title\">Pourquoi si cher?<\/span>\n\t\t\t<\/div>\n\t\t\t<div class=\"sober-faq__answer answer\">\n\t\t\t\t<span class=\"sober-faq__answer-label answer-label\">Answer<\/span>\n\t\t\t\t<div class=\"sober-faq__answer-content\"><p>L\u2019ac\u00e9tate reste encore le mat\u00e9riel le plus populaire pour la fabrication de montures et ce n\u2019est pas pr\u00eat de changer.<\/p><p>Il y a tout de m\u00eame un nombre grandissant de fabriquant de lunettes de bois et parmi tout ce qui est offert, il y aura forc\u00e9ment une variation de prix notable. Que ce soit en optant seulement pour des bois francs de haute qualit\u00e9, en s\u2019effor\u00e7ant de faire para\u00eetre notre passion pour la qualit\u00e9 du savoir-faire et le travail du bois dans chaque monture, en utilisant des charni\u00e8res de renomm\u00e9 mondiale\u2026 nous sommes convaincus que chaque montures Artefact saura justifier son prix.<\/p><\/div>\n\t\t\t<\/div>\n\t\t<\/div>\n\t\t\t\t\t\t<\/div>\n\t\t\t\t<\/div>\n\t\t\t\t<div class=\"elementor-element elementor-element-9dd4e10 elementor-widget elementor-widget-sober-faq\" data-id=\"9dd4e10\" data-element_type=\"widget\" data-e-type=\"widget\" data-widget_type=\"sober-faq.default\">\n\t\t\t\t<div class=\"elementor-widget-container\">\n\t\t\t\t\t\t\t<div class=\"sober-faq sober-faq--elementor\">\n\t\t\t<div class=\"sober-faq__question question\">\n\t\t\t\t<span class=\"sober-faq__question-label question-label\">Question<\/span>\n\t\t\t\t<span class=\"sober-faq__question-icon question-icon\"><span class=\"toggle-icon\"><\/span><\/span>\n\t\t\t\t<span class=\"question-title sober-faq__question-title\">Pourquoi si peu cher alors?<\/span>\n\t\t\t<\/div>\n\t\t\t<div class=\"sober-faq__answer answer\">\n\t\t\t\t<span class=\"sober-faq__answer-label answer-label\">Answer<\/span>\n\t\t\t\t<div class=\"sober-faq__answer-content\"><p>Simplement parce qu\u2019on aimerait bien que tout le monde qui le d\u00e9sire puisse avoir la capacit\u00e9 d\u2019acheter une Artefact.<\/p><\/div>\n\t\t\t<\/div>\n\t\t<\/div>\n\t\t\t\t\t\t<\/div>\n\t\t\t\t<\/div>\n\t\t\t\t\t<\/div>\n\t\t<\/div>\n\t\t\t\t\t<\/div>\n\t\t<\/section>\n\t\t\t\t<\/div>","protected":false},"excerpt":{"rendered":"<p>Frequently Asked Questions In this section, you will find common questions about our products and manufacturing processes. Whether it is to obtain the answers to your questions or simply out&hellip;<\/p>","protected":false},"author":8,"featured_media":0,"parent":0,"menu_order":0,"comment_status":"closed","ping_status":"closed","template":"","meta":{"inline_featured_image":false,"footnotes":""},"class_list":["post-347","page","type-page","status-publish","hentry"],"yoast_head":"<!-- This site is optimized with the Yoast SEO plugin v27.4 - https:\/\/yoast.com\/product\/yoast-seo-wordpress\/ -->\n<title>FAQs - Boutique Artefact Store<\/title>\n<meta name=\"robots\" content=\"index, follow, max-snippet:-1, max-image-preview:large, max-video-preview:-1\" \/>\n<link rel=\"canonical\" href=\"https:\/\/artefact.store\/fr\/faqs\/\" \/>\n<meta property=\"og:locale\" content=\"fr_CA\" \/>\n<meta property=\"og:type\" content=\"article\" \/>\n<meta property=\"og:title\" content=\"FAQs - Boutique Artefact Store\" \/>\n<meta property=\"og:description\" content=\"Frequently Asked Questions In this section, you will find common questions about our products and manufacturing processes. Whether it is to obtain the answers to your questions or simply out&hellip;\" \/>\n<meta property=\"og:url\" content=\"https:\/\/artefact.store\/fr\/faqs\/\" \/>\n<meta property=\"og:site_name\" content=\"Boutique Artefact Store\" \/>\n<meta property=\"article:publisher\" content=\"https:\/\/www.facebook.com\/LunettesArtefactEyewear\" \/>\n<meta property=\"article:modified_time\" content=\"2025-07-16T01:53:33+00:00\" \/>\n<meta name=\"twitter:card\" content=\"summary_large_image\" \/>\n<meta name=\"twitter:label1\" content=\"Estimation du temps de lecture\" \/>\n\t<meta name=\"twitter:data1\" content=\"3 minutes\" \/>\n<script type=\"application\/ld+json\" class=\"yoast-schema-graph\">{\"@context\":\"https:\\\/\\\/schema.org\",\"@graph\":[{\"@type\":\"WebPage\",\"@id\":\"https:\\\/\\\/artefact.store\\\/faqs\\\/\",\"url\":\"https:\\\/\\\/artefact.store\\\/faqs\\\/\",\"name\":\"FAQs - Boutique Artefact Store\",\"isPartOf\":{\"@id\":\"https:\\\/\\\/artefact.store\\\/#website\"},\"datePublished\":\"2016-08-23T10:44:55+00:00\",\"dateModified\":\"2025-07-16T01:53:33+00:00\",\"breadcrumb\":{\"@id\":\"https:\\\/\\\/artefact.store\\\/faqs\\\/#breadcrumb\"},\"inLanguage\":\"fr-CA\",\"potentialAction\":[{\"@type\":\"ReadAction\",\"target\":[\"https:\\\/\\\/artefact.store\\\/faqs\\\/\"]}]},{\"@type\":\"BreadcrumbList\",\"@id\":\"https:\\\/\\\/artefact.store\\\/faqs\\\/#breadcrumb\",\"itemListElement\":[{\"@type\":\"ListItem\",\"position\":1,\"name\":\"Home\",\"item\":\"https:\\\/\\\/artefact.store\\\/\"},{\"@type\":\"ListItem\",\"position\":2,\"name\":\"FAQs\"}]},{\"@type\":\"WebSite\",\"@id\":\"https:\\\/\\\/artefact.store\\\/#website\",\"url\":\"https:\\\/\\\/artefact.store\\\/\",\"name\":\"Boutique Artefact Store\",\"description\":\"Boutique Lunettes Artefact - Artefact Eyewear Store\",\"publisher\":{\"@id\":\"https:\\\/\\\/artefact.store\\\/#organization\"},\"potentialAction\":[{\"@type\":\"SearchAction\",\"target\":{\"@type\":\"EntryPoint\",\"urlTemplate\":\"https:\\\/\\\/artefact.store\\\/?s={search_term_string}\"},\"query-input\":{\"@type\":\"PropertyValueSpecification\",\"valueRequired\":true,\"valueName\":\"search_term_string\"}}],\"inLanguage\":\"fr-CA\"},{\"@type\":\"Organization\",\"@id\":\"https:\\\/\\\/artefact.store\\\/#organization\",\"name\":\"Boutique Artefact Store\",\"url\":\"https:\\\/\\\/artefact.store\\\/\",\"logo\":{\"@type\":\"ImageObject\",\"inLanguage\":\"fr-CA\",\"@id\":\"https:\\\/\\\/artefact.store\\\/#\\\/schema\\\/logo\\\/image\\\/\",\"url\":\"https:\\\/\\\/artefact.store\\\/wp-content\\\/uploads\\\/Logo\\\/Artefact_2c_ICON_rgb.png\",\"contentUrl\":\"https:\\\/\\\/artefact.store\\\/wp-content\\\/uploads\\\/Logo\\\/Artefact_2c_ICON_rgb.png\",\"width\":1619,\"height\":1355,\"caption\":\"Boutique Artefact Store\"},\"image\":{\"@id\":\"https:\\\/\\\/artefact.store\\\/#\\\/schema\\\/logo\\\/image\\\/\"},\"sameAs\":[\"https:\\\/\\\/www.facebook.com\\\/LunettesArtefactEyewear\"]}]}<\/script>\n<!-- \/ Yoast SEO plugin. -->","yoast_head_json":{"title":"FAQs - Boutique Artefact Store","robots":{"index":"index","follow":"follow","max-snippet":"max-snippet:-1","max-image-preview":"max-image-preview:large","max-video-preview":"max-video-preview:-1"},"canonical":"https:\/\/artefact.store\/fr\/faqs\/","og_locale":"fr_CA","og_type":"article","og_title":"FAQs - Boutique Artefact Store","og_description":"Frequently Asked Questions In this section, you will find common questions about our products and manufacturing processes. Whether it is to obtain the answers to your questions or simply out&hellip;","og_url":"https:\/\/artefact.store\/fr\/faqs\/","og_site_name":"Boutique Artefact Store","article_publisher":"https:\/\/www.facebook.com\/LunettesArtefactEyewear","article_modified_time":"2025-07-16T01:53:33+00:00","twitter_card":"summary_large_image","twitter_misc":{"Estimation du temps de lecture":"3 minutes"},"schema":{"@context":"https:\/\/schema.org","@graph":[{"@type":"WebPage","@id":"https:\/\/artefact.store\/faqs\/","url":"https:\/\/artefact.store\/faqs\/","name":"FAQs - Boutique Artefact Store","isPartOf":{"@id":"https:\/\/artefact.store\/#website"},"datePublished":"2016-08-23T10:44:55+00:00","dateModified":"2025-07-16T01:53:33+00:00","breadcrumb":{"@id":"https:\/\/artefact.store\/faqs\/#breadcrumb"},"inLanguage":"fr-CA","potentialAction":[{"@type":"ReadAction","target":["https:\/\/artefact.store\/faqs\/"]}]},{"@type":"BreadcrumbList","@id":"https:\/\/artefact.store\/faqs\/#breadcrumb","itemListElement":[{"@type":"ListItem","position":1,"name":"Home","item":"https:\/\/artefact.store\/"},{"@type":"ListItem","position":2,"name":"FAQs"}]},{"@type":"WebSite","@id":"https:\/\/artefact.store\/#website","url":"https:\/\/artefact.store\/","name":"Boutique Artefact Store","description":"Boutique Lunettes Artefact - Artefact Eyewear Store","publisher":{"@id":"https:\/\/artefact.store\/#organization"},"potentialAction":[{"@type":"SearchAction","target":{"@type":"EntryPoint","urlTemplate":"https:\/\/artefact.store\/?s={search_term_string}"},"query-input":{"@type":"PropertyValueSpecification","valueRequired":true,"valueName":"search_term_string"}}],"inLanguage":"fr-CA"},{"@type":"Organization","@id":"https:\/\/artefact.store\/#organization","name":"Boutique Artefact Store","url":"https:\/\/artefact.store\/","logo":{"@type":"ImageObject","inLanguage":"fr-CA","@id":"https:\/\/artefact.store\/#\/schema\/logo\/image\/","url":"https:\/\/artefact.store\/wp-content\/uploads\/Logo\/Artefact_2c_ICON_rgb.png","contentUrl":"https:\/\/artefact.store\/wp-content\/uploads\/Logo\/Artefact_2c_ICON_rgb.png","width":1619,"height":1355,"caption":"Boutique Artefact Store"},"image":{"@id":"https:\/\/artefact.store\/#\/schema\/logo\/image\/"},"sameAs":["https:\/\/www.facebook.com\/LunettesArtefactEyewear"]}]}},"_links":{"self":[{"href":"https:\/\/artefact.store\/fr\/wp-json\/wp\/v2\/pages\/347","targetHints":{"allow":["GET"]}}],"collection":[{"href":"https:\/\/artefact.store\/fr\/wp-json\/wp\/v2\/pages"}],"about":[{"href":"https:\/\/artefact.store\/fr\/wp-json\/wp\/v2\/types\/page"}],"author":[{"embeddable":true,"href":"https:\/\/artefact.store\/fr\/wp-json\/wp\/v2\/users\/8"}],"replies":[{"embeddable":true,"href":"https:\/\/artefact.store\/fr\/wp-json\/wp\/v2\/comments?post=347"}],"version-history":[{"count":0,"href":"https:\/\/artefact.store\/fr\/wp-json\/wp\/v2\/pages\/347\/revisions"}],"wp:attachment":[{"href":"https:\/\/artefact.store\/fr\/wp-json\/wp\/v2\/media?parent=347"}],"curies":[{"name":"wp","href":"https:\/\/api.w.org\/{rel}","templated":true}]}}