{"id":9106,"date":"2025-08-07T20:20:18","date_gmt":"2025-08-08T00:20:18","guid":{"rendered":"https:\/\/artefact.store\/?page_id=9106"},"modified":"2025-08-16T14:27:10","modified_gmt":"2025-08-16T18:27:10","slug":"about-us","status":"publish","type":"page","link":"https:\/\/artefact.store\/fr\/about-us\/","title":{"rendered":"\u00c0 Propos"},"content":{"rendered":"<div data-elementor-type=\"wp-page\" data-elementor-id=\"9106\" class=\"elementor elementor-9106\">\n\t\t\t\t<div class=\"elementor-element elementor-element-0441c69 elementor-hidden-mobile e-flex e-con-boxed e-con e-parent\" data-id=\"0441c69\" data-element_type=\"container\" data-e-type=\"container\" data-no-translation=\"\">\n\t\t\t\t\t<div class=\"e-con-inner\">\n\t\t\t\t<div class=\"elementor-element elementor-element-61cf383 elementor-widget__width-initial elementor-widget elementor-widget-heading\" data-id=\"61cf383\" data-element_type=\"widget\" data-e-type=\"widget\" data-no-translation=\"\" data-widget_type=\"heading.default\">\n\t\t\t\t<div class=\"elementor-widget-container\">\n\t\t\t\t\t<h2 class=\"elementor-heading-title elementor-size-default\">Notre Histoire<\/h2>\t\t\t\t<\/div>\n\t\t\t\t<\/div>\n\t\t\t\t\t<\/div>\n\t\t\t\t<\/div>\n\t\t<div class=\"elementor-element elementor-element-da9abb6 elementor-hidden-mobile e-flex e-con-boxed e-con e-parent\" data-id=\"da9abb6\" data-element_type=\"container\" data-e-type=\"container\" data-no-translation=\"\">\n\t\t\t\t\t<div class=\"e-con-inner\">\n\t\t\t\t<div class=\"elementor-element elementor-element-27bb53a elementor-widget__width-initial elementor-widget elementor-widget-text-editor\" data-id=\"27bb53a\" data-element_type=\"widget\" data-e-type=\"widget\" data-widget_type=\"text-editor.default\">\n\t\t\t\t<div class=\"elementor-widget-container\">\n\t\t\t\t\t\t\t\t\t<h3><span style=\"color: #23232c;\">Lunettes Artefact est n\u00e9e d\u2019une passion profonde pour le bois et d\u2019un d\u00e9sir de mettre en valeur sa beaut\u00e9 de mani\u00e8re utile et esth\u00e9tique.<\/span><\/h3>\t\t\t\t\t\t\t\t<\/div>\n\t\t\t\t<\/div>\n\t\t\t\t\t<\/div>\n\t\t\t\t<\/div>\n\t\t<div class=\"elementor-element elementor-element-90ead87 elementor-hidden-mobile e-flex e-con-boxed e-con e-parent\" data-id=\"90ead87\" data-element_type=\"container\" data-e-type=\"container\" data-no-translation=\"\">\n\t\t\t\t\t<div class=\"e-con-inner\">\n\t\t\t\t<div class=\"elementor-element elementor-element-0a5056c elementor-widget__width-initial elementor-widget elementor-widget-text-editor\" data-id=\"0a5056c\" data-element_type=\"widget\" data-e-type=\"widget\" data-widget_type=\"text-editor.default\">\n\t\t\t\t<div class=\"elementor-widget-container\">\n\t\t\t\t\t\t\t\t\t<h4 data-start=\"842\" data-end=\"1331\">Notre Histoire Commence<\/h4><p data-start=\"842\" data-end=\"1331\">En 2013, alors que nous construisions notre maison, David a d\u00e9couvert une passion pour le travail du bois qui n\u2019a cess\u00e9 de grandir. Depuis, nous cherchions un moyen de transformer ce savoir-faire en quelque chose de durable \u2014 une cr\u00e9ation que nous pourrions r\u00e9aliser ici, dans notre atelier \u00e0 domicile. Il nous fallait un produit assez petit pour \u00eatre fabriqu\u00e9 sur place, facile \u00e0 exp\u00e9dier, mais assez porteur pour b\u00e2tir un avenir, et, un jour, offrir du travail \u00e0 d\u2019autres familles aussi.<\/p><h4 data-start=\"842\" data-end=\"1331\">R\u00e9inventer La Monture En Bois<\/h4><p data-start=\"1333\" data-end=\"1662\">Notre aventure a vraiment pris forme en d\u00e9cembre 2018, lorsque nous avons acqu\u00e9rit l\u2019\u00e9quipement d\u2019un ancien fabricant de lunettes en bois. \u00c0 cet instant, nous savions ce que nous allions cr\u00e9er. Cependant, nous avons rapidement r\u00e9alis\u00e9 que les outils et m\u00e9thodes ne convenaient pas \u00e0 notre vision. Par cons\u00e9quent, il nous a fallu enti\u00e8rement\u00a0r\u00e9inventer le proc\u00e9d\u00e9 de fabrication.<\/p>\t\t\t\t\t\t\t\t<\/div>\n\t\t\t\t<\/div>\n\t\t\t\t<div class=\"elementor-element elementor-element-6b070fe elementor-widget__width-initial elementor-widget elementor-widget-image\" data-id=\"6b070fe\" data-element_type=\"widget\" data-e-type=\"widget\" data-widget_type=\"image.default\">\n\t\t\t\t<div class=\"elementor-widget-container\">\n\t\t\t\t\t\t\t\t\t\t\t\t\t\t\t<img fetchpriority=\"high\" decoding=\"async\" width=\"2560\" height=\"2560\" src=\"https:\/\/artefact.store\/wp-content\/uploads\/boxelder-bowl-stack-scaled.webp\" class=\"attachment-full size-full wp-image-9144\" alt=\"Hand holding four boxelder bowls\" srcset=\"https:\/\/artefact.store\/wp-content\/uploads\/boxelder-bowl-stack-scaled.webp 2560w, https:\/\/artefact.store\/wp-content\/uploads\/boxelder-bowl-stack-768x768.webp 768w, https:\/\/artefact.store\/wp-content\/uploads\/boxelder-bowl-stack-1536x1536.webp 1536w, https:\/\/artefact.store\/wp-content\/uploads\/boxelder-bowl-stack-2048x2048.webp 2048w, https:\/\/artefact.store\/wp-content\/uploads\/boxelder-bowl-stack-12x12.webp 12w, https:\/\/artefact.store\/wp-content\/uploads\/boxelder-bowl-stack-100x100.webp 100w, https:\/\/artefact.store\/wp-content\/uploads\/boxelder-bowl-stack-32x32.webp 32w, https:\/\/artefact.store\/wp-content\/uploads\/boxelder-bowl-stack-897x897.webp 897w\" sizes=\"(max-width: 2560px) 100vw, 2560px\" \/>\t\t\t\t\t\t\t\t\t\t\t\t\t\t\t<\/div>\n\t\t\t\t<\/div>\n\t\t\t\t\t<\/div>\n\t\t\t\t<\/div>\n\t\t<div class=\"elementor-element elementor-element-e6d4dff elementor-hidden-mobile e-flex e-con-boxed e-con e-parent\" data-id=\"e6d4dff\" data-element_type=\"container\" data-e-type=\"container\" data-no-translation=\"\">\n\t\t\t\t\t<div class=\"e-con-inner\">\n\t\t\t\t<div class=\"elementor-element elementor-element-f72ea9e elementor-widget__width-initial elementor-widget elementor-widget-text-editor\" data-id=\"f72ea9e\" data-element_type=\"widget\" data-e-type=\"widget\" data-widget_type=\"text-editor.default\">\n\t\t\t\t<div class=\"elementor-widget-container\">\n\t\t\t\t\t\t\t\t\t<h4 data-start=\"1664\" data-end=\"1855\">Faire Face Aux D\u00e9fis<\/h4><p data-start=\"1664\" data-end=\"1855\">\u00c0 partir de ce point, notre objectif \u00e9tait clair : r\u00e9v\u00e9ler la beaut\u00e9 naturelle du bois sans compromettre les qualit\u00e9s essentielles d\u2019une bonne paire de lunettes \u2014 le confort, le design, la solidit\u00e9 et la l\u00e9g\u00e8ret\u00e9.<\/p><p data-start=\"1857\" data-end=\"2187\">Le chemin a \u00e9t\u00e9 sem\u00e9 d\u2019emb\u00fbches. Il a fallu ma\u00eetriser la courbure parfaite, assurer la r\u00e9sistance \u00e0 l\u2019usure quotidienne, et faire face \u00e0 de nombreux d\u00e9fis techniques. Un par un, nous les avons relev\u00e9s. Aujourd\u2019hui, nous sommes heureux de vous offrir des lunettes en bois de grande qualit\u00e9, \u00e9l\u00e9gantes et uniques, con\u00e7ues pour votre quotidien.<\/p>\t\t\t\t\t\t\t\t<\/div>\n\t\t\t\t<\/div>\n\t\t\t\t\t<\/div>\n\t\t\t\t<\/div>\n\t\t<div class=\"elementor-element elementor-element-6094508 elementor-hidden-mobile e-flex e-con-boxed e-con e-parent\" data-id=\"6094508\" data-element_type=\"container\" data-e-type=\"container\" data-no-translation=\"\">\n\t\t\t\t\t<div class=\"e-con-inner\">\n\t\t\t\t<div class=\"elementor-element elementor-element-927d2c3 elementor-widget__width-initial elementor-widget elementor-widget-image\" data-id=\"927d2c3\" data-element_type=\"widget\" data-e-type=\"widget\" data-widget_type=\"image.default\">\n\t\t\t\t<div class=\"elementor-widget-container\">\n\t\t\t\t\t\t\t\t\t\t\t\t\t\t\t<img decoding=\"async\" width=\"2304\" height=\"1553\" src=\"https:\/\/artefact.store\/wp-content\/uploads\/Artefact-shop-JL-DT.0-scaled-e1754610239398.webp\" class=\"attachment-full size-full wp-image-9105\" alt=\"\" srcset=\"https:\/\/artefact.store\/wp-content\/uploads\/Artefact-shop-JL-DT.0-scaled-e1754610239398.webp 2304w, https:\/\/artefact.store\/wp-content\/uploads\/Artefact-shop-JL-DT.0-scaled-e1754610239398-768x518.webp 768w, https:\/\/artefact.store\/wp-content\/uploads\/Artefact-shop-JL-DT.0-scaled-e1754610239398-1536x1035.webp 1536w, https:\/\/artefact.store\/wp-content\/uploads\/Artefact-shop-JL-DT.0-scaled-e1754610239398-2048x1380.webp 2048w, https:\/\/artefact.store\/wp-content\/uploads\/Artefact-shop-JL-DT.0-scaled-e1754610239398-18x12.webp 18w, https:\/\/artefact.store\/wp-content\/uploads\/Artefact-shop-JL-DT.0-scaled-e1754610239398-897x605.webp 897w\" sizes=\"(max-width: 2304px) 100vw, 2304px\" \/>\t\t\t\t\t\t\t\t\t\t\t\t\t\t\t<\/div>\n\t\t\t\t<\/div>\n\t\t\t\t<div class=\"elementor-element elementor-element-42a0e76 elementor-widget__width-initial elementor-widget elementor-widget-text-editor\" data-id=\"42a0e76\" data-element_type=\"widget\" data-e-type=\"widget\" data-widget_type=\"text-editor.default\">\n\t\t\t\t<div class=\"elementor-widget-container\">\n\t\t\t\t\t\t\t\t\t<h4>Une \u00c9quipe Qui Grandit<\/h4><p>En juillet 2024, nous avons accueilli notre tout premier membre d\u2019\u00e9quipe, Junghoon. Son arriv\u00e9e marque un nouveau chapitre pour Lunettes Artefact. Sa pr\u00e9sence \u00e0 l\u2019atelier nous a permis d\u2019augmenter notre production tout en apportant une belle \u00e9nergie et une passion partag\u00e9e pour l\u2019art et le travail du bois.<\/p><p>Plus important encore, cette \u00e9tape importante pointe vers la vision que nous avons depuis le d\u00e9but : cr\u00e9er quelque chose de durable, local et humain.<\/p><p><a href=\"https:\/\/artefact.store\/fr\/\">Jeter un coup d&#8217;oeil<\/a> &#8211; nous esp\u00e9ront que vous y trouverez votre paire.<\/p>\t\t\t\t\t\t\t\t<\/div>\n\t\t\t\t<\/div>\n\t\t\t\t\t<\/div>\n\t\t\t\t<\/div>\n\t\t<div class=\"elementor-element elementor-element-bcfb154 elementor-hidden-mobile e-flex e-con-boxed e-con e-parent\" data-id=\"bcfb154\" data-element_type=\"container\" data-e-type=\"container\" data-no-translation=\"\">\n\t\t\t\t\t<div class=\"e-con-inner\">\n\t\t\t\t<div class=\"elementor-element elementor-element-133b101 elementor-widget-divider--view-line elementor-widget elementor-widget-divider\" data-id=\"133b101\" data-element_type=\"widget\" data-e-type=\"widget\" data-no-translation=\"\" data-widget_type=\"divider.default\">\n\t\t\t\t<div class=\"elementor-widget-container\">\n\t\t\t\t\t\t\t<div class=\"elementor-divider\">\n\t\t\t<span class=\"elementor-divider-separator\">\n\t\t\t\t\t\t<\/span>\n\t\t<\/div>\n\t\t\t\t\t\t<\/div>\n\t\t\t\t<\/div>\n\t\t\t\t<div class=\"elementor-element elementor-element-4dcc9dc elementor-widget__width-inherit elementor-widget elementor-widget-text-editor\" data-id=\"4dcc9dc\" data-element_type=\"widget\" data-e-type=\"widget\" data-widget_type=\"text-editor.default\">\n\t\t\t\t<div class=\"elementor-widget-container\">\n\t\t\t\t\t\t\t\t\t<p><strong>Encore une histoire?<\/strong>: \u00c7a vous int\u00e9resse de savoir comment nous avons fait pour nous retrouver avec un si beau logo? Bien! \u00c7a c&#8217;est le travail de Nancy Wu.<br \/>Visitez le site de <a href=\"https:\/\/www.nancywudesign.com\/artefact-eyewear\">Nancy Wu Design <img decoding=\"async\" class=\"alignnone wp-image-9281\" src=\"https:\/\/artefact.store\/wp-content\/uploads\/nwd-logo.png\" alt=\"\" width=\"36\" height=\"32\" srcset=\"https:\/\/artefact.store\/wp-content\/uploads\/nwd-logo.png 98w, https:\/\/artefact.store\/wp-content\/uploads\/nwd-logo-14x12.png 14w\" sizes=\"(max-width: 36px) 100vw, 36px\" \/><\/a> pour en apprendre sur son proc\u00e9d\u00e9 et voir ses r\u00e9alisations.<\/p>\t\t\t\t\t\t\t\t<\/div>\n\t\t\t\t<\/div>\n\t\t\t\t\t<\/div>\n\t\t\t\t<\/div>\n\t\t\t\t<section class=\"elementor-section elementor-top-section elementor-element elementor-element-ba0e2ce elementor-hidden-desktop elementor-hidden-tablet elementor-section-boxed elementor-section-height-default elementor-section-height-default\" data-id=\"ba0e2ce\" data-element_type=\"section\" data-e-type=\"section\" data-no-translation=\"\">\n\t\t\t\t\t\t<div class=\"elementor-container elementor-column-gap-default\">\n\t\t\t\t\t<div class=\"elementor-column elementor-col-100 elementor-top-column elementor-element elementor-element-1932e1c\" data-id=\"1932e1c\" data-element_type=\"column\" data-e-type=\"column\">\n\t\t\t<div class=\"elementor-widget-wrap elementor-element-populated\">\n\t\t\t\t\t\t<div class=\"elementor-element elementor-element-a060180 elementor-widget elementor-widget-heading\" data-id=\"a060180\" data-element_type=\"widget\" data-e-type=\"widget\" data-widget_type=\"heading.default\">\n\t\t\t\t<div class=\"elementor-widget-container\">\n\t\t\t\t\t<h2 class=\"elementor-heading-title elementor-size-default\">Notre Histoire<\/h2>\t\t\t\t<\/div>\n\t\t\t\t<\/div>\n\t\t\t\t<div class=\"elementor-element elementor-element-a1a7c63 elementor-drop-cap-yes elementor-hidden-desktop elementor-hidden-tablet elementor-drop-cap-view-default elementor-widget elementor-widget-text-editor\" data-id=\"a1a7c63\" data-element_type=\"widget\" data-e-type=\"widget\" data-settings=\"{&quot;drop_cap&quot;:&quot;yes&quot;}\" data-no-translation=\"\" data-widget_type=\"text-editor.default\">\n\t\t\t\t<div class=\"elementor-widget-container\">\n\t\t\t\t\t\t\t\t\t<p><span style=\"color: #23232c;\"><u>Lunettes Artefact est n\u00e9e d\u2019une passion pour le bois et d\u2019un d\u00e9sir de mettre en valeur sa beaut\u00e9 naturelle.<\/u><\/span><\/p><p>Tout a commenc\u00e9 en 2013, losqu&#8217;en batissant notre maison, David a d\u00e9couvert sa passion pour le travai du bois. Des ann\u00e9es plus tard, cette passion est devenu une mission: fabriquer des montures de lunettes en bois, ce noble et magnifique mat\u00e9riel.<\/p><p>En 2018, nous avons fait l&#8217;acquisition d&#8217;\u00e9quipements provenant d&#8217;un fabriquant de lunettes en bois. Peut de temps apr\u00e8s, nous r\u00e9alisions qu&#8217;il nous fallait r\u00e9inventer les proc\u00e9d\u00e9s de fabrication. Aujourd&#8217;hui nous sommes tr\u00e8s heureux d&#8217;offrir des montures qui r\u00e9v\u00e8lent la beaut\u00e9 du bois et sont \u00e0 la fois ultra l\u00e9g\u00e8re, confortable et fait pour durer.<\/p><p>Nos montures et lunettes de soleil en bois sont fait \u00e0 la main avec passion ici au Canada.<\/p>\t\t\t\t\t\t\t\t<\/div>\n\t\t\t\t<\/div>\n\t\t\t\t<div class=\"elementor-element elementor-element-3324fa3 elementor-widget elementor-widget-image\" data-id=\"3324fa3\" data-element_type=\"widget\" data-e-type=\"widget\" data-widget_type=\"image.default\">\n\t\t\t\t<div class=\"elementor-widget-container\">\n\t\t\t\t\t\t\t\t\t\t\t\t\t\t\t<img loading=\"lazy\" decoding=\"async\" width=\"700\" height=\"465\" src=\"https:\/\/artefact.store\/wp-content\/uploads\/Artefact-shop-jl-dt1-e1754692013943.webp\" class=\"attachment-full size-full wp-image-9192\" alt=\"Junghoon and David behind the workbench.\" \/>\t\t\t\t\t\t\t\t\t\t\t\t\t\t\t<\/div>\n\t\t\t\t<\/div>\n\t\t\t\t<div class=\"elementor-element elementor-element-447d408 elementor-hidden-desktop elementor-hidden-tablet elementor-widget elementor-widget-text-editor\" data-id=\"447d408\" data-element_type=\"widget\" data-e-type=\"widget\" data-no-translation=\"\" data-widget_type=\"text-editor.default\">\n\t\t\t\t<div class=\"elementor-widget-container\">\n\t\t\t\t\t\t\t\t\t<p>En juillet 2024, nous avons accueilli notre tout premier membre d\u2019\u00e9quipe, Junghoon, marquant un nouveau chapitre pour Lunettes Artefact. C\u2019est une \u00e9tape importante vers la vision que nous portons depuis le d\u00e9but : cr\u00e9er quelque chose de durable, local et humain.<\/p><p><a href=\"https:\/\/artefact.store\/fr\/\"><strong data-start=\"2189\" data-end=\"2233\">Jeter un coup d&#8217;oeil<\/strong><\/a> &#8211; nous esp\u00e9ront que vous y trouverez votre paire.<\/p>\t\t\t\t\t\t\t\t<\/div>\n\t\t\t\t<\/div>\n\t\t\t\t<div class=\"elementor-element elementor-element-9431564 elementor-widget-divider--view-line elementor-widget elementor-widget-divider\" data-id=\"9431564\" data-element_type=\"widget\" data-e-type=\"widget\" data-no-translation=\"\" data-widget_type=\"divider.default\">\n\t\t\t\t<div class=\"elementor-widget-container\">\n\t\t\t\t\t\t\t<div class=\"elementor-divider\">\n\t\t\t<span class=\"elementor-divider-separator\">\n\t\t\t\t\t\t<\/span>\n\t\t<\/div>\n\t\t\t\t\t\t<\/div>\n\t\t\t\t<\/div>\n\t\t\t\t<div class=\"elementor-element elementor-element-59f8bee elementor-widget elementor-widget-text-editor\" data-id=\"59f8bee\" data-element_type=\"widget\" data-e-type=\"widget\" data-no-translation=\"\" data-widget_type=\"text-editor.default\">\n\t\t\t\t<div class=\"elementor-widget-container\">\n\t\t\t\t\t\t\t\t\t<p><span style=\"text-decoration: underline;\">Encore?<\/span>: Vous voulez savoir comment nous avons fait pour nous retrouver avec un si beau logo?\u00a0 Visitez le site de <a href=\"https:\/\/www.nancywudesign.com\/artefact-eyewear\">Nancy Wu Design <img decoding=\"async\" class=\"alignnone wp-image-9281\" src=\"https:\/\/artefact.store\/wp-content\/uploads\/nwd-logo.png\" alt=\"\" width=\"36\" height=\"32\" srcset=\"https:\/\/artefact.store\/wp-content\/uploads\/nwd-logo.png 98w, https:\/\/artefact.store\/wp-content\/uploads\/nwd-logo-14x12.png 14w\" sizes=\"(max-width: 36px) 100vw, 36px\" \/><\/a> pour en apprendre sur son proc\u00e9d\u00e9.<\/p>\t\t\t\t\t\t\t\t<\/div>\n\t\t\t\t<\/div>\n\t\t\t\t\t<\/div>\n\t\t<\/div>\n\t\t\t\t\t<\/div>\n\t\t<\/section>\n\t\t\t\t<\/div>","protected":false},"excerpt":{"rendered":"<p>Our Story Artefact Eyewear was born from a deep passion for wood and a desire to showcase its beauty in a meaninful, functional way. Our Story Begins Back in 2013,&hellip;<\/p>","protected":false},"author":8,"featured_media":0,"parent":0,"menu_order":0,"comment_status":"closed","ping_status":"closed","template":"","meta":{"inline_featured_image":false,"footnotes":""},"class_list":["post-9106","page","type-page","status-publish","hentry"],"yoast_head":"<!-- This site is optimized with the Yoast SEO plugin v27.4 - https:\/\/yoast.com\/product\/yoast-seo-wordpress\/ -->\n<title>Artefact Eyewear - Wooden Eyewear Maker - Get to know the story<\/title>\n<meta name=\"description\" content=\"Designer and maker of wooden sunglasses and eyewear frames. Learn how we got to handcraft authentic glasses frames made out of noble hardwood.\" \/>\n<meta name=\"robots\" content=\"index, follow, max-snippet:-1, max-video-preview:-1, noimageindex\" \/>\n<link rel=\"canonical\" href=\"https:\/\/artefact.store\/fr\/about-us\/\" \/>\n<meta property=\"og:locale\" content=\"fr_CA\" \/>\n<meta property=\"og:type\" content=\"article\" \/>\n<meta property=\"og:title\" content=\"Artefact Eyewear - Wooden Eyewear Maker - Get to know the story\" \/>\n<meta property=\"og:description\" content=\"Designer and maker of wooden sunglasses and eyewear frames. Learn how we got to handcraft authentic glasses frames made out of noble hardwood.\" \/>\n<meta property=\"og:url\" content=\"https:\/\/artefact.store\/fr\/about-us\/\" \/>\n<meta property=\"og:site_name\" content=\"Boutique Artefact Store\" \/>\n<meta property=\"article:publisher\" content=\"https:\/\/www.facebook.com\/LunettesArtefactEyewear\" \/>\n<meta property=\"article:modified_time\" content=\"2025-08-16T18:27:10+00:00\" \/>\n<meta property=\"og:image\" content=\"https:\/\/artefact.store\/wp-content\/uploads\/boxelder-bowl-stack-scaled.webp\" \/>\n\t<meta property=\"og:image:width\" content=\"2560\" \/>\n\t<meta property=\"og:image:height\" content=\"2560\" \/>\n\t<meta property=\"og:image:type\" content=\"image\/webp\" \/>\n<meta name=\"twitter:card\" content=\"summary_large_image\" \/>\n<meta name=\"twitter:label1\" content=\"Estimation du temps de lecture\" \/>\n\t<meta name=\"twitter:data1\" content=\"8 minutes\" \/>\n<script type=\"application\/ld+json\" class=\"yoast-schema-graph\">{\"@context\":\"https:\\\/\\\/schema.org\",\"@graph\":[{\"@type\":\"WebPage\",\"@id\":\"https:\\\/\\\/artefact.store\\\/about-us\\\/\",\"url\":\"https:\\\/\\\/artefact.store\\\/about-us\\\/\",\"name\":\"Artefact Eyewear - Wooden Eyewear Maker - Get to know the story\",\"isPartOf\":{\"@id\":\"https:\\\/\\\/artefact.store\\\/#website\"},\"primaryImageOfPage\":{\"@id\":\"https:\\\/\\\/artefact.store\\\/about-us\\\/#primaryimage\"},\"image\":{\"@id\":\"https:\\\/\\\/artefact.store\\\/about-us\\\/#primaryimage\"},\"thumbnailUrl\":\"https:\\\/\\\/artefact.store\\\/wp-content\\\/uploads\\\/boxelder-bowl-stack-scaled.webp\",\"datePublished\":\"2025-08-08T00:20:18+00:00\",\"dateModified\":\"2025-08-16T18:27:10+00:00\",\"description\":\"Designer and maker of wooden sunglasses and eyewear frames. Learn how we got to handcraft authentic glasses frames made out of noble hardwood.\",\"breadcrumb\":{\"@id\":\"https:\\\/\\\/artefact.store\\\/about-us\\\/#breadcrumb\"},\"inLanguage\":\"fr-CA\",\"potentialAction\":[{\"@type\":\"ReadAction\",\"target\":[\"https:\\\/\\\/artefact.store\\\/about-us\\\/\"]}]},{\"@type\":\"ImageObject\",\"inLanguage\":\"fr-CA\",\"@id\":\"https:\\\/\\\/artefact.store\\\/about-us\\\/#primaryimage\",\"url\":\"https:\\\/\\\/artefact.store\\\/wp-content\\\/uploads\\\/boxelder-bowl-stack-scaled.webp\",\"contentUrl\":\"https:\\\/\\\/artefact.store\\\/wp-content\\\/uploads\\\/boxelder-bowl-stack-scaled.webp\"},{\"@type\":\"BreadcrumbList\",\"@id\":\"https:\\\/\\\/artefact.store\\\/about-us\\\/#breadcrumb\",\"itemListElement\":[{\"@type\":\"ListItem\",\"position\":1,\"name\":\"Home\",\"item\":\"https:\\\/\\\/artefact.store\\\/\"},{\"@type\":\"ListItem\",\"position\":2,\"name\":\"About Us\"}]},{\"@type\":\"WebSite\",\"@id\":\"https:\\\/\\\/artefact.store\\\/#website\",\"url\":\"https:\\\/\\\/artefact.store\\\/\",\"name\":\"Boutique Artefact Store\",\"description\":\"Boutique Lunettes Artefact - Artefact Eyewear Store\",\"publisher\":{\"@id\":\"https:\\\/\\\/artefact.store\\\/#organization\"},\"potentialAction\":[{\"@type\":\"SearchAction\",\"target\":{\"@type\":\"EntryPoint\",\"urlTemplate\":\"https:\\\/\\\/artefact.store\\\/?s={search_term_string}\"},\"query-input\":{\"@type\":\"PropertyValueSpecification\",\"valueRequired\":true,\"valueName\":\"search_term_string\"}}],\"inLanguage\":\"fr-CA\"},{\"@type\":\"Organization\",\"@id\":\"https:\\\/\\\/artefact.store\\\/#organization\",\"name\":\"Boutique Artefact Store\",\"url\":\"https:\\\/\\\/artefact.store\\\/\",\"logo\":{\"@type\":\"ImageObject\",\"inLanguage\":\"fr-CA\",\"@id\":\"https:\\\/\\\/artefact.store\\\/#\\\/schema\\\/logo\\\/image\\\/\",\"url\":\"https:\\\/\\\/artefact.store\\\/wp-content\\\/uploads\\\/Logo\\\/Artefact_2c_ICON_rgb.png\",\"contentUrl\":\"https:\\\/\\\/artefact.store\\\/wp-content\\\/uploads\\\/Logo\\\/Artefact_2c_ICON_rgb.png\",\"width\":1619,\"height\":1355,\"caption\":\"Boutique Artefact Store\"},\"image\":{\"@id\":\"https:\\\/\\\/artefact.store\\\/#\\\/schema\\\/logo\\\/image\\\/\"},\"sameAs\":[\"https:\\\/\\\/www.facebook.com\\\/LunettesArtefactEyewear\"]}]}<\/script>\n<!-- \/ Yoast SEO plugin. -->","yoast_head_json":{"title":"Artefact Eyewear - Wooden Eyewear Maker - Get to know the story","description":"Designer and maker of wooden sunglasses and eyewear frames. Learn how we got to handcraft authentic glasses frames made out of noble hardwood.","robots":{"index":"index","follow":"follow","max-snippet":"max-snippet:-1","max-video-preview":"max-video-preview:-1","imageindex":"noimageindex"},"canonical":"https:\/\/artefact.store\/fr\/about-us\/","og_locale":"fr_CA","og_type":"article","og_title":"Artefact Eyewear - Wooden Eyewear Maker - Get to know the story","og_description":"Designer and maker of wooden sunglasses and eyewear frames. Learn how we got to handcraft authentic glasses frames made out of noble hardwood.","og_url":"https:\/\/artefact.store\/fr\/about-us\/","og_site_name":"Boutique Artefact Store","article_publisher":"https:\/\/www.facebook.com\/LunettesArtefactEyewear","article_modified_time":"2025-08-16T18:27:10+00:00","og_image":[{"width":2560,"height":2560,"url":"https:\/\/artefact.store\/wp-content\/uploads\/boxelder-bowl-stack-scaled.webp","type":"image\/webp"}],"twitter_card":"summary_large_image","twitter_misc":{"Estimation du temps de lecture":"8 minutes"},"schema":{"@context":"https:\/\/schema.org","@graph":[{"@type":"WebPage","@id":"https:\/\/artefact.store\/about-us\/","url":"https:\/\/artefact.store\/about-us\/","name":"Artefact Eyewear - Wooden Eyewear Maker - Get to know the story","isPartOf":{"@id":"https:\/\/artefact.store\/#website"},"primaryImageOfPage":{"@id":"https:\/\/artefact.store\/about-us\/#primaryimage"},"image":{"@id":"https:\/\/artefact.store\/about-us\/#primaryimage"},"thumbnailUrl":"https:\/\/artefact.store\/wp-content\/uploads\/boxelder-bowl-stack-scaled.webp","datePublished":"2025-08-08T00:20:18+00:00","dateModified":"2025-08-16T18:27:10+00:00","description":"Designer and maker of wooden sunglasses and eyewear frames. Learn how we got to handcraft authentic glasses frames made out of noble hardwood.","breadcrumb":{"@id":"https:\/\/artefact.store\/about-us\/#breadcrumb"},"inLanguage":"fr-CA","potentialAction":[{"@type":"ReadAction","target":["https:\/\/artefact.store\/about-us\/"]}]},{"@type":"ImageObject","inLanguage":"fr-CA","@id":"https:\/\/artefact.store\/about-us\/#primaryimage","url":"https:\/\/artefact.store\/wp-content\/uploads\/boxelder-bowl-stack-scaled.webp","contentUrl":"https:\/\/artefact.store\/wp-content\/uploads\/boxelder-bowl-stack-scaled.webp"},{"@type":"BreadcrumbList","@id":"https:\/\/artefact.store\/about-us\/#breadcrumb","itemListElement":[{"@type":"ListItem","position":1,"name":"Home","item":"https:\/\/artefact.store\/"},{"@type":"ListItem","position":2,"name":"About Us"}]},{"@type":"WebSite","@id":"https:\/\/artefact.store\/#website","url":"https:\/\/artefact.store\/","name":"Boutique Artefact Store","description":"Boutique Lunettes Artefact - Artefact Eyewear Store","publisher":{"@id":"https:\/\/artefact.store\/#organization"},"potentialAction":[{"@type":"SearchAction","target":{"@type":"EntryPoint","urlTemplate":"https:\/\/artefact.store\/?s={search_term_string}"},"query-input":{"@type":"PropertyValueSpecification","valueRequired":true,"valueName":"search_term_string"}}],"inLanguage":"fr-CA"},{"@type":"Organization","@id":"https:\/\/artefact.store\/#organization","name":"Boutique Artefact Store","url":"https:\/\/artefact.store\/","logo":{"@type":"ImageObject","inLanguage":"fr-CA","@id":"https:\/\/artefact.store\/#\/schema\/logo\/image\/","url":"https:\/\/artefact.store\/wp-content\/uploads\/Logo\/Artefact_2c_ICON_rgb.png","contentUrl":"https:\/\/artefact.store\/wp-content\/uploads\/Logo\/Artefact_2c_ICON_rgb.png","width":1619,"height":1355,"caption":"Boutique Artefact Store"},"image":{"@id":"https:\/\/artefact.store\/#\/schema\/logo\/image\/"},"sameAs":["https:\/\/www.facebook.com\/LunettesArtefactEyewear"]}]}},"_links":{"self":[{"href":"https:\/\/artefact.store\/fr\/wp-json\/wp\/v2\/pages\/9106","targetHints":{"allow":["GET"]}}],"collection":[{"href":"https:\/\/artefact.store\/fr\/wp-json\/wp\/v2\/pages"}],"about":[{"href":"https:\/\/artefact.store\/fr\/wp-json\/wp\/v2\/types\/page"}],"author":[{"embeddable":true,"href":"https:\/\/artefact.store\/fr\/wp-json\/wp\/v2\/users\/8"}],"replies":[{"embeddable":true,"href":"https:\/\/artefact.store\/fr\/wp-json\/wp\/v2\/comments?post=9106"}],"version-history":[{"count":221,"href":"https:\/\/artefact.store\/fr\/wp-json\/wp\/v2\/pages\/9106\/revisions"}],"predecessor-version":[{"id":9368,"href":"https:\/\/artefact.store\/fr\/wp-json\/wp\/v2\/pages\/9106\/revisions\/9368"}],"wp:attachment":[{"href":"https:\/\/artefact.store\/fr\/wp-json\/wp\/v2\/media?parent=9106"}],"curies":[{"name":"wp","href":"https:\/\/api.w.org\/{rel}","templated":true}]}}