{"id":7062,"date":"2021-03-30T23:39:42","date_gmt":"2021-06-16T18:58:30","guid":{"rendered":"https:\/\/artefact.store\/?post_type=product&#038;p=7062"},"modified":"2025-08-10T18:29:21","modified_gmt":"2025-08-10T22:29:21","slug":"sun1","status":"publish","type":"product","link":"https:\/\/artefact.store\/fr\/produit\/sun1\/","title":{"rendered":"Sun 1"},"content":{"rendered":"<p class=\" translation-block\"><strong>Sun 1<\/strong> est la toute premi\u00e8re monture que nous avons cr\u00e9\u00e9e et mise en production.<\/p>\n<p>Rappelant les lignes classiques du c\u00e9l\u00e8bre style \"wayframe\", elles vous donnent envie de vous retrouver en plein air ou de passer du temps entre amis sur la plage ou sur une terrasse de restaurant. L\u00e9g\u00e8res et confortables, nos montures en bois passent rarement inaper\u00e7ues. N'h\u00e9sitez pas \u00e0 les montrer aux gens autour de vous pour qu'ils puissent appr\u00e9cier le souci du d\u00e9tail et le travail que nous mettons dans chaque pi\u00e8ce.<\/p>\n<p class=\" translation-block\"><em><u>L'Inspiration<\/u><\/em>: <strong>Soleil (Sun en anglais)<\/strong> \u2014 Comme la plupart des gens, quand je pense \u00e0 une lunette de soleil, un mod\u00e8le typique me vient \u00e0 l'esprit. C'est celui qui apparait lorsqu'on cherche des lunettes de soleil sur Internet ou celui qu'on peut acheter au d\u00e9panneur quand on part en vacances et qu'on a oubli\u00e9 les notre \u00e0 la maison. La Sun 1 est bien plus qu'une simple monture inspir\u00e9e de la Wayfarer. Cette monture en bois, bien que rappelant des formes famili\u00e8res, est unique, authentique et d'une qualit\u00e9 in\u00e9gal\u00e9e.<\/p>","protected":false},"excerpt":{"rendered":"<p>Sun 1 wooden sunglasses<\/p>","protected":false},"featured_media":8315,"comment_status":"open","ping_status":"closed","template":"","meta":{"inline_featured_image":false},"product_brand":[],"product_cat":[119],"product_tag":[244],"class_list":{"0":"post-7062","1":"product","2":"type-product","3":"status-publish","4":"has-post-thumbnail","6":"product_cat-sunglasses","7":"product_tag-medium","9":"first","10":"instock","11":"taxable","12":"shipping-taxable","13":"purchasable","14":"product-type-variable","15":"has-default-attributes","16":"layout-style-2","17":"col-md-4 col-sm-4 col-xs-6","18":"col-lg-3","19":"product-has-gallery","20":"product-style-default"},"yoast_head":"<!-- This site is optimized with the Yoast SEO plugin v27.4 - https:\/\/yoast.com\/product\/yoast-seo-wordpress\/ -->\n<title>Sun1 \u2013 Wenge Wood Wayframe Sunglasses<\/title>\n<meta name=\"description\" content=\"Sustainable wayframe sunglasses in dark wenge wood. Lightweight, handmade, and polarized. Eco style for everyday wear under the sun.\" \/>\n<meta name=\"robots\" content=\"index, follow, max-snippet:-1, max-image-preview:large, max-video-preview:-1\" \/>\n<link rel=\"canonical\" href=\"https:\/\/artefact.store\/fr\/produit\/sun1\/\" \/>\n<meta property=\"og:locale\" content=\"fr_CA\" \/>\n<meta property=\"og:type\" content=\"article\" \/>\n<meta property=\"og:title\" content=\"Sun1 \u2013 Wenge Wood Wayframe Sunglasses\" \/>\n<meta property=\"og:description\" content=\"Sustainable wayframe sunglasses in dark wenge wood. Lightweight, handmade, and polarized. Eco style for everyday wear under the sun.\" \/>\n<meta property=\"og:url\" content=\"https:\/\/artefact.store\/fr\/produit\/sun1\/\" \/>\n<meta property=\"og:site_name\" content=\"Boutique Artefact Store\" \/>\n<meta property=\"article:publisher\" content=\"https:\/\/www.facebook.com\/LunettesArtefactEyewear\" \/>\n<meta property=\"article:modified_time\" content=\"2025-08-10T22:29:21+00:00\" \/>\n<meta property=\"og:image\" content=\"https:\/\/artefact.store\/wp-content\/uploads\/2025\/07\/sun1-wg-br0.jpg\" \/>\n\t<meta property=\"og:image:width\" content=\"2156\" \/>\n\t<meta property=\"og:image:height\" content=\"2560\" \/>\n\t<meta property=\"og:image:type\" content=\"image\/jpeg\" \/>\n<meta name=\"twitter:card\" content=\"summary_large_image\" \/>\n<meta name=\"twitter:label1\" content=\"Estimation du temps de lecture\" \/>\n\t<meta name=\"twitter:data1\" content=\"1 minute\" \/>\n<script type=\"application\/ld+json\" class=\"yoast-schema-graph\">{\"@context\":\"https:\\\/\\\/schema.org\",\"@graph\":[{\"@type\":\"WebPage\",\"@id\":\"https:\\\/\\\/artefact.store\\\/product\\\/sun1\\\/\",\"url\":\"https:\\\/\\\/artefact.store\\\/product\\\/sun1\\\/\",\"name\":\"Sun1 \u2013 Wenge Wood Wayframe Sunglasses\",\"isPartOf\":{\"@id\":\"https:\\\/\\\/artefact.store\\\/#website\"},\"primaryImageOfPage\":{\"@id\":\"https:\\\/\\\/artefact.store\\\/product\\\/sun1\\\/#primaryimage\"},\"image\":{\"@id\":\"https:\\\/\\\/artefact.store\\\/product\\\/sun1\\\/#primaryimage\"},\"thumbnailUrl\":\"https:\\\/\\\/artefact.store\\\/wp-content\\\/uploads\\\/2025\\\/07\\\/sun1-wg-br0.jpg\",\"datePublished\":\"2021-06-16T18:58:30+00:00\",\"dateModified\":\"2025-08-10T22:29:21+00:00\",\"description\":\"Sustainable wayframe sunglasses in dark wenge wood. Lightweight, handmade, and polarized. Eco style for everyday wear under the sun.\",\"breadcrumb\":{\"@id\":\"https:\\\/\\\/artefact.store\\\/product\\\/sun1\\\/#breadcrumb\"},\"inLanguage\":\"fr-CA\",\"potentialAction\":[{\"@type\":\"ReadAction\",\"target\":[\"https:\\\/\\\/artefact.store\\\/product\\\/sun1\\\/\"]}]},{\"@type\":\"ImageObject\",\"inLanguage\":\"fr-CA\",\"@id\":\"https:\\\/\\\/artefact.store\\\/product\\\/sun1\\\/#primaryimage\",\"url\":\"https:\\\/\\\/artefact.store\\\/wp-content\\\/uploads\\\/2025\\\/07\\\/sun1-wg-br0.jpg\",\"contentUrl\":\"https:\\\/\\\/artefact.store\\\/wp-content\\\/uploads\\\/2025\\\/07\\\/sun1-wg-br0.jpg\",\"width\":2156,\"height\":2560,\"caption\":\"Sun 1 sunglasses, wenge frame, brown polarized lens\"},{\"@type\":\"BreadcrumbList\",\"@id\":\"https:\\\/\\\/artefact.store\\\/product\\\/sun1\\\/#breadcrumb\",\"itemListElement\":[{\"@type\":\"ListItem\",\"position\":1,\"name\":\"Home\",\"item\":\"https:\\\/\\\/artefact.store\\\/\"},{\"@type\":\"ListItem\",\"position\":2,\"name\":\"The Store\",\"item\":\"https:\\\/\\\/artefact.store\\\/\"},{\"@type\":\"ListItem\",\"position\":3,\"name\":\"Sun 1\"}]},{\"@type\":\"WebSite\",\"@id\":\"https:\\\/\\\/artefact.store\\\/#website\",\"url\":\"https:\\\/\\\/artefact.store\\\/\",\"name\":\"Boutique Artefact Store\",\"description\":\"Boutique Lunettes Artefact - Artefact Eyewear Store\",\"publisher\":{\"@id\":\"https:\\\/\\\/artefact.store\\\/#organization\"},\"potentialAction\":[{\"@type\":\"SearchAction\",\"target\":{\"@type\":\"EntryPoint\",\"urlTemplate\":\"https:\\\/\\\/artefact.store\\\/?s={search_term_string}\"},\"query-input\":{\"@type\":\"PropertyValueSpecification\",\"valueRequired\":true,\"valueName\":\"search_term_string\"}}],\"inLanguage\":\"fr-CA\"},{\"@type\":\"Organization\",\"@id\":\"https:\\\/\\\/artefact.store\\\/#organization\",\"name\":\"Boutique Artefact Store\",\"url\":\"https:\\\/\\\/artefact.store\\\/\",\"logo\":{\"@type\":\"ImageObject\",\"inLanguage\":\"fr-CA\",\"@id\":\"https:\\\/\\\/artefact.store\\\/#\\\/schema\\\/logo\\\/image\\\/\",\"url\":\"https:\\\/\\\/artefact.store\\\/wp-content\\\/uploads\\\/Logo\\\/Artefact_2c_ICON_rgb.png\",\"contentUrl\":\"https:\\\/\\\/artefact.store\\\/wp-content\\\/uploads\\\/Logo\\\/Artefact_2c_ICON_rgb.png\",\"width\":1619,\"height\":1355,\"caption\":\"Boutique Artefact Store\"},\"image\":{\"@id\":\"https:\\\/\\\/artefact.store\\\/#\\\/schema\\\/logo\\\/image\\\/\"},\"sameAs\":[\"https:\\\/\\\/www.facebook.com\\\/LunettesArtefactEyewear\"]}]}<\/script>\n<!-- \/ Yoast SEO plugin. -->","yoast_head_json":{"title":"Sun1 \u2013 Wenge Wood Wayframe Sunglasses","description":"Sustainable wayframe sunglasses in dark wenge wood. Lightweight, handmade, and polarized. Eco style for everyday wear under the sun.","robots":{"index":"index","follow":"follow","max-snippet":"max-snippet:-1","max-image-preview":"max-image-preview:large","max-video-preview":"max-video-preview:-1"},"canonical":"https:\/\/artefact.store\/fr\/produit\/sun1\/","og_locale":"fr_CA","og_type":"article","og_title":"Sun1 \u2013 Wenge Wood Wayframe Sunglasses","og_description":"Sustainable wayframe sunglasses in dark wenge wood. Lightweight, handmade, and polarized. Eco style for everyday wear under the sun.","og_url":"https:\/\/artefact.store\/fr\/produit\/sun1\/","og_site_name":"Boutique Artefact Store","article_publisher":"https:\/\/www.facebook.com\/LunettesArtefactEyewear","article_modified_time":"2025-08-10T22:29:21+00:00","og_image":[{"width":2156,"height":2560,"url":"https:\/\/artefact.store\/wp-content\/uploads\/2025\/07\/sun1-wg-br0.jpg","type":"image\/jpeg"}],"twitter_card":"summary_large_image","twitter_misc":{"Estimation du temps de lecture":"1 minute"},"schema":{"@context":"https:\/\/schema.org","@graph":[{"@type":"WebPage","@id":"https:\/\/artefact.store\/product\/sun1\/","url":"https:\/\/artefact.store\/product\/sun1\/","name":"Sun1 \u2013 Wenge Wood Wayframe Sunglasses","isPartOf":{"@id":"https:\/\/artefact.store\/#website"},"primaryImageOfPage":{"@id":"https:\/\/artefact.store\/product\/sun1\/#primaryimage"},"image":{"@id":"https:\/\/artefact.store\/product\/sun1\/#primaryimage"},"thumbnailUrl":"https:\/\/artefact.store\/wp-content\/uploads\/2025\/07\/sun1-wg-br0.jpg","datePublished":"2021-06-16T18:58:30+00:00","dateModified":"2025-08-10T22:29:21+00:00","description":"Sustainable wayframe sunglasses in dark wenge wood. Lightweight, handmade, and polarized. Eco style for everyday wear under the sun.","breadcrumb":{"@id":"https:\/\/artefact.store\/product\/sun1\/#breadcrumb"},"inLanguage":"fr-CA","potentialAction":[{"@type":"ReadAction","target":["https:\/\/artefact.store\/product\/sun1\/"]}]},{"@type":"ImageObject","inLanguage":"fr-CA","@id":"https:\/\/artefact.store\/product\/sun1\/#primaryimage","url":"https:\/\/artefact.store\/wp-content\/uploads\/2025\/07\/sun1-wg-br0.jpg","contentUrl":"https:\/\/artefact.store\/wp-content\/uploads\/2025\/07\/sun1-wg-br0.jpg","width":2156,"height":2560,"caption":"Sun 1 sunglasses, wenge frame, brown polarized lens"},{"@type":"BreadcrumbList","@id":"https:\/\/artefact.store\/product\/sun1\/#breadcrumb","itemListElement":[{"@type":"ListItem","position":1,"name":"Home","item":"https:\/\/artefact.store\/"},{"@type":"ListItem","position":2,"name":"The Store","item":"https:\/\/artefact.store\/"},{"@type":"ListItem","position":3,"name":"Sun 1"}]},{"@type":"WebSite","@id":"https:\/\/artefact.store\/#website","url":"https:\/\/artefact.store\/","name":"Boutique Artefact Store","description":"Boutique Lunettes Artefact - Artefact Eyewear Store","publisher":{"@id":"https:\/\/artefact.store\/#organization"},"potentialAction":[{"@type":"SearchAction","target":{"@type":"EntryPoint","urlTemplate":"https:\/\/artefact.store\/?s={search_term_string}"},"query-input":{"@type":"PropertyValueSpecification","valueRequired":true,"valueName":"search_term_string"}}],"inLanguage":"fr-CA"},{"@type":"Organization","@id":"https:\/\/artefact.store\/#organization","name":"Boutique Artefact Store","url":"https:\/\/artefact.store\/","logo":{"@type":"ImageObject","inLanguage":"fr-CA","@id":"https:\/\/artefact.store\/#\/schema\/logo\/image\/","url":"https:\/\/artefact.store\/wp-content\/uploads\/Logo\/Artefact_2c_ICON_rgb.png","contentUrl":"https:\/\/artefact.store\/wp-content\/uploads\/Logo\/Artefact_2c_ICON_rgb.png","width":1619,"height":1355,"caption":"Boutique Artefact Store"},"image":{"@id":"https:\/\/artefact.store\/#\/schema\/logo\/image\/"},"sameAs":["https:\/\/www.facebook.com\/LunettesArtefactEyewear"]}]}},"_links":{"self":[{"href":"https:\/\/artefact.store\/fr\/wp-json\/wp\/v2\/product\/7062","targetHints":{"allow":["GET"]}}],"collection":[{"href":"https:\/\/artefact.store\/fr\/wp-json\/wp\/v2\/product"}],"about":[{"href":"https:\/\/artefact.store\/fr\/wp-json\/wp\/v2\/types\/product"}],"replies":[{"embeddable":true,"href":"https:\/\/artefact.store\/fr\/wp-json\/wp\/v2\/comments?post=7062"}],"version-history":[{"count":9,"href":"https:\/\/artefact.store\/fr\/wp-json\/wp\/v2\/product\/7062\/revisions"}],"predecessor-version":[{"id":9259,"href":"https:\/\/artefact.store\/fr\/wp-json\/wp\/v2\/product\/7062\/revisions\/9259"}],"wp:featuredmedia":[{"embeddable":true,"href":"https:\/\/artefact.store\/fr\/wp-json\/wp\/v2\/media\/8315"}],"wp:attachment":[{"href":"https:\/\/artefact.store\/fr\/wp-json\/wp\/v2\/media?parent=7062"}],"wp:term":[{"taxonomy":"product_brand","embeddable":true,"href":"https:\/\/artefact.store\/fr\/wp-json\/wp\/v2\/product_brand?post=7062"},{"taxonomy":"product_cat","embeddable":true,"href":"https:\/\/artefact.store\/fr\/wp-json\/wp\/v2\/product_cat?post=7062"},{"taxonomy":"product_tag","embeddable":true,"href":"https:\/\/artefact.store\/fr\/wp-json\/wp\/v2\/product_tag?post=7062"}],"curies":[{"name":"wp","href":"https:\/\/api.w.org\/{rel}","templated":true}]}}